{"id":123,"date":"2026-03-07T17:02:03","date_gmt":"2026-03-07T17:02:03","guid":{"rendered":"https:\/\/go-bosnia.com\/?page_id=123"},"modified":"2026-04-22T19:16:41","modified_gmt":"2026-04-22T19:16:41","slug":"o-nama","status":"publish","type":"page","link":"https:\/\/go-bosnia.com\/en\/o-nama\/","title":{"rendered":"About us"},"content":{"rendered":"<div class=\"wp-block-uagb-container uagb-block-b4f42c76 alignfull uagb-is-root-container\"><div class=\"uagb-container-inner-blocks-wrap\">\n<div class=\"wp-block-uagb-container uagb-block-ec4203f8 alignfull uagb-is-root-container\"><div class=\"uagb-container-inner-blocks-wrap\"><\/div><\/div>\n<\/div><\/div>\n\n\n\n<div class=\"wp-block-uagb-container uagb-block-8779d567 alignfull uagb-is-root-container\"><div class=\"uagb-container-inner-blocks-wrap\">\n<div class=\"wp-block-uagb-advanced-heading uagb-block-f8ad78b2\"><h2 class=\"uagb-heading-text\">Go Bosnia &#8211; Turisti\u010dki portal<\/h2><\/div>\n\n\n\n<div class=\"wp-block-uagb-advanced-heading uagb-block-750ff3cd\"><p class=\"uagb-heading-text\">Na\u0161 jedinstveni sadr\u017eaj obuhvata predivna mjesta &#8220;izvan utabanih staza&#8221; koja vrijedi posjetiti. Go Bosnia portal sadr\u017ei najzanimljivije i najskrivenije lokacije u cijeloj Bosni i Hercegovini. Go-Bosnia portal poma\u017ee ljudima da otkriju svijet oko sebe na potpuno nov na\u010din, objedinjuju\u0107i istra\u017eivanje, planiranje, rezervaciju i navigaciju u anga\u017eovan i intuitivan proces.<\/p><\/div>\n<\/div><\/div>\n\n\n\n<div class=\"wp-block-uagb-container uagb-block-6025eb87 alignfull uagb-is-root-container\"><div class=\"uagb-container-inner-blocks-wrap\">\n<div class=\"wp-block-uagb-advanced-heading uagb-block-1795f629\"><h2 class=\"uagb-heading-text\">\u0160ta obe\u0107avamo?<\/h2><\/div>\n\n\n\n<div class=\"wp-block-uagb-advanced-heading uagb-block-63af9d97\"><p class=\"uagb-heading-text\">Na\u0161 jedinstveni sadr\u017eaj obuhvata predivna mjesta &#8220;izvan utabanih staza&#8221; koja vrijedi posjetiti. Go Bosnia portal sadr\u017ei najzanimljivije i najskrivenije lokacije u cijeloj Bosni i Hercegovini. Go-Bosnia portal poma\u017ee ljudima da otkriju svijet oko sebe na potpuno nov na\u010din, objedinjuju\u0107i istra\u017eivanje, planiranje, rezervaciju i navigaciju u anga\u017eovan i intuitivan proces.<\/p><\/div>\n\n\n\n<div class=\"wp-block-uagb-container uagb-block-8f33de92\">\n<div class=\"wp-block-uagb-container uagb-block-1ac16d05\">\n<div class=\"wp-block-uagb-image uagb-block-32987f2e wp-block-uagb-image--layout-default wp-block-uagb-image--effect-static wp-block-uagb-image--align-none\"><figure class=\"wp-block-uagb-image__figure\"><img decoding=\"async\" srcset=\"https:\/\/go-bosnia.com\/wp-content\/uploads\/2026\/04\/icon-putovanje.png ,https:\/\/go-bosnia.com\/wp-content\/uploads\/2026\/04\/icon-putovanje.png 780w, https:\/\/go-bosnia.com\/wp-content\/uploads\/2026\/04\/icon-putovanje.png 360w\" sizes=\"auto, (max-width: 480px) 150px\" src=\"https:\/\/go-bosnia.com\/wp-content\/uploads\/2026\/04\/icon-putovanje.png\" alt=\"\" class=\"uag-image-2004\" width=\"150\" height=\"150\" title=\"icon-putovanje\" loading=\"lazy\" role=\"img\"\/><\/figure><\/div>\n\n\n\n<div class=\"wp-block-uagb-advanced-heading uagb-block-c2d8087f\"><h3 class=\"uagb-heading-text\">Simplicity<\/h3><\/div>\n\n\n\n<div class=\"wp-block-uagb-advanced-heading uagb-block-a83297e5\"><p class=\"uagb-heading-text\">From discovery to booking and the experience itself, we\u2019re here to make every step of your journey seamless.<br><\/p><\/div>\n<\/div>\n\n\n\n<div class=\"wp-block-uagb-container uagb-block-3c2e611e\">\n<div class=\"wp-block-uagb-image uagb-block-ece43a3a wp-block-uagb-image--layout-default wp-block-uagb-image--effect-static wp-block-uagb-image--align-none\"><figure class=\"wp-block-uagb-image__figure\"><img decoding=\"async\" srcset=\"https:\/\/go-bosnia.com\/wp-content\/uploads\/2026\/04\/Zasticena-podrucja.png ,https:\/\/go-bosnia.com\/wp-content\/uploads\/2026\/04\/Zasticena-podrucja.png 780w, https:\/\/go-bosnia.com\/wp-content\/uploads\/2026\/04\/Zasticena-podrucja.png 360w\" sizes=\"auto, (max-width: 480px) 150px\" src=\"https:\/\/go-bosnia.com\/wp-content\/uploads\/2026\/04\/Zasticena-podrucja.png\" alt=\"icon-zasticena-podrucja\" class=\"uag-image-2007\" width=\"150\" height=\"150\" title=\"icon-zasticena-podrucja\" loading=\"lazy\" role=\"img\"\/><\/figure><\/div>\n\n\n\n<div class=\"wp-block-uagb-advanced-heading uagb-block-4d762927\"><h3 class=\"uagb-heading-text\">Authenticity<\/h3><\/div>\n\n\n\n<div class=\"wp-block-uagb-advanced-heading uagb-block-3040dd2c\"><p class=\"uagb-heading-text\">Our local teams bring insider knowledge to help you uncover the must-do experiences across thousands of destinations.<\/p><\/div>\n<\/div>\n\n\n\n<div class=\"wp-block-uagb-container uagb-block-9c7695cb\">\n<div class=\"wp-block-uagb-image uagb-block-3198211d wp-block-uagb-image--layout-default wp-block-uagb-image--effect-static wp-block-uagb-image--align-none\"><figure class=\"wp-block-uagb-image__figure\"><img decoding=\"async\" srcset=\"https:\/\/go-bosnia.com\/wp-content\/uploads\/2026\/04\/Idealno-za-fotografisanje.png ,https:\/\/go-bosnia.com\/wp-content\/uploads\/2026\/04\/Idealno-za-fotografisanje.png 780w, https:\/\/go-bosnia.com\/wp-content\/uploads\/2026\/04\/Idealno-za-fotografisanje.png 360w\" sizes=\"auto, (max-width: 480px) 150px\" src=\"https:\/\/go-bosnia.com\/wp-content\/uploads\/2026\/04\/Idealno-za-fotografisanje.png\" alt=\"icon-nova-iskustva\" class=\"uag-image-2009\" width=\"150\" height=\"150\" title=\"icon-nova-iskustva\" loading=\"lazy\" role=\"img\"\/><\/figure><\/div>\n\n\n\n<div class=\"wp-block-uagb-advanced-heading uagb-block-0792fb7e\"><h3 class=\"uagb-heading-text\">Curiosity<\/h3><\/div>\n\n\n\n<div class=\"wp-block-uagb-advanced-heading uagb-block-6b30b951\"><p class=\"uagb-heading-text\">We\u2019re constantly searching for fresh, one-of-a-kind experiences for you to discover and enjoy.<\/p><\/div>\n<\/div>\n<\/div>\n<\/div><\/div>\n\n\n\n<div class=\"wp-block-uagb-container uagb-block-9fe1826c alignfull uagb-is-root-container\">\n<div class=\"wp-block-uagb-advanced-heading uagb-block-2102886f\"><h2 class=\"uagb-heading-text\">Skrivena mjesta koja vrijedi otkriti<\/h2><\/div>\n\n\n\n<div class=\"wp-block-uagb-advanced-heading uagb-block-c570a77e\"><p class=\"uagb-heading-text\">Skrivena mjesta, lokalne pri\u010de i neotkriveni kutci koji te vode van standardnih turisti\u010dkih ruta.<\/p><\/div>\n\n\n\n<div style=\"height:40px\" aria-hidden=\"true\" class=\"wp-block-spacer\"><\/div>\n\n\n\n<div class=\"wp-block-uagb-container uagb-block-608275a0\">\n<div class=\"wp-block-uagb-container uagb-block-6e9d6b1f\">\n<div class=\"wp-block-uagb-image uagb-block-ec3d056b wp-block-uagb-image--layout-default wp-block-uagb-image--effect-static wp-block-uagb-image--align-none\"><figure class=\"wp-block-uagb-image__figure\"><img decoding=\"async\" srcset=\"https:\/\/go-bosnia.com\/wp-content\/uploads\/2026\/04\/2222.png ,https:\/\/go-bosnia.com\/wp-content\/uploads\/2026\/04\/2222.png 780w, https:\/\/go-bosnia.com\/wp-content\/uploads\/2026\/04\/2222.png 360w\" sizes=\"auto, (max-width: 480px) 150px\" src=\"https:\/\/go-bosnia.com\/wp-content\/uploads\/2026\/04\/2222.png\" alt=\"\" class=\"uag-image-2674\" width=\"375\" height=\"375\" title=\"2222\" loading=\"lazy\" role=\"img\"\/><\/figure><\/div>\n\n\n\n<div class=\"wp-block-uagb-container uagb-block-5f83b046\">\n<div class=\"wp-block-uagb-container uagb-block-5216e4c4\">\n<div class=\"wp-block-uagb-image uagb-block-a96e46a0 wp-block-uagb-image--layout-default wp-block-uagb-image--effect-static wp-block-uagb-image--align-none\"><figure class=\"wp-block-uagb-image__figure\"><img decoding=\"async\" srcset=\"https:\/\/go-bosnia.com\/wp-content\/uploads\/2026\/04\/Rectangle-19423.png ,https:\/\/go-bosnia.com\/wp-content\/uploads\/2026\/04\/Rectangle-19423.png 780w, https:\/\/go-bosnia.com\/wp-content\/uploads\/2026\/04\/Rectangle-19423.png 360w\" sizes=\"auto, (max-width: 480px) 150px\" src=\"https:\/\/go-bosnia.com\/wp-content\/uploads\/2026\/04\/Rectangle-19423.png\" alt=\"\" class=\"uag-image-2637\" width=\"72\" height=\"72\" title=\"Rectangle 19423\" loading=\"lazy\" role=\"img\"\/><\/figure><\/div>\n<\/div>\n\n\n\n<div class=\"wp-block-group\"><div class=\"wp-block-group__inner-container is-layout-constrained wp-block-group-is-layout-constrained\">\n<div class=\"wp-block-uagb-advanced-heading uagb-block-10a13ecb\"><h4 class=\"uagb-heading-text\">Pje\u0161\u010dane piramide <\/h4><\/div>\n\n\n\n<div class=\"wp-block-uagb-advanced-heading uagb-block-bdf862a3\"><p class=\"uagb-heading-text\">Prirodni fenomen u Fo\u010di.<\/p><\/div>\n<\/div><\/div>\n<\/div>\n<\/div>\n\n\n\n<div class=\"wp-block-uagb-container uagb-block-bd8f336e\">\n<div class=\"wp-block-uagb-image uagb-block-74b70678 wp-block-uagb-image--layout-default wp-block-uagb-image--effect-static wp-block-uagb-image--align-none\"><figure class=\"wp-block-uagb-image__figure\"><img decoding=\"async\" srcset=\"https:\/\/go-bosnia.com\/wp-content\/uploads\/2026\/04\/p1.png ,https:\/\/go-bosnia.com\/wp-content\/uploads\/2026\/04\/p1.png 780w, https:\/\/go-bosnia.com\/wp-content\/uploads\/2026\/04\/p1.png 360w\" sizes=\"auto, (max-width: 480px) 150px\" src=\"https:\/\/go-bosnia.com\/wp-content\/uploads\/2026\/04\/p1.png\" alt=\"\" class=\"uag-image-2638\" width=\"375\" height=\"375\" title=\"p1\" loading=\"lazy\" role=\"img\"\/><\/figure><\/div>\n\n\n\n<div class=\"wp-block-uagb-container uagb-block-190de704\">\n<div class=\"wp-block-uagb-container uagb-block-3d6b4c05\">\n<div class=\"wp-block-uagb-image uagb-block-05d41261 wp-block-uagb-image--layout-default wp-block-uagb-image--effect-static wp-block-uagb-image--align-none\"><figure class=\"wp-block-uagb-image__figure\"><img decoding=\"async\" srcset=\"https:\/\/go-bosnia.com\/wp-content\/uploads\/2026\/04\/Rectangle-19424.png ,https:\/\/go-bosnia.com\/wp-content\/uploads\/2026\/04\/Rectangle-19424.png 780w, https:\/\/go-bosnia.com\/wp-content\/uploads\/2026\/04\/Rectangle-19424.png 360w\" sizes=\"auto, (max-width: 480px) 150px\" src=\"https:\/\/go-bosnia.com\/wp-content\/uploads\/2026\/04\/Rectangle-19424.png\" alt=\"\" class=\"uag-image-2641\" width=\"72\" height=\"72\" title=\"Rectangle 19424\" loading=\"lazy\" role=\"img\"\/><\/figure><\/div>\n<\/div>\n\n\n\n<div class=\"wp-block-group\"><div class=\"wp-block-group__inner-container is-layout-constrained wp-block-group-is-layout-constrained\">\n<div class=\"wp-block-uagb-advanced-heading uagb-block-4daad93e\"><h4 class=\"uagb-heading-text\">Pje\u0161\u010dane piramide u Fo\u010di<\/h4><\/div>\n\n\n\n<div class=\"wp-block-group is-nowrap is-layout-flex wp-container-core-group-is-layout-ad2f72ca wp-block-group-is-layout-flex\">\n<div class=\"wp-block-uagb-container uagb-block-63f7bafc\">      \n\t\t\t<div class=\"uagb-icon-wrapper uagb-block-49ec2f03\"\n\t\t\tstyle=\"\" >\n\t\t\t\t\t\t\t\t\t<span class=\"uagb-svg-wrapper\" \n\t\t\t\t\t aria-label=\"location-dot\"\t\t\t\t\ttabindex=\"0\">\t\t\n\t\t\t\t\t\t\t\t\t\t<svg xmlns=\"https:\/\/www.w3.org\/2000\/svg\" viewbox= \"0 0 384 512\" role=\"graphics-symbol\" aria-hidden=\"false\" aria-label=\"\"><path d=\"M168.3 499.2C116.1 435 0 279.4 0 192C0 85.96 85.96 0 192 0C298 0 384 85.96 384 192C384 279.4 267 435 215.7 499.2C203.4 514.5 180.6 514.5 168.3 499.2H168.3zM192 256C227.3 256 256 227.3 256 192C256 156.7 227.3 128 192 128C156.7 128 128 156.7 128 192C128 227.3 156.7 256 192 256z\"><\/path><\/svg>\n\t\t\t\t\t\t\t\t\t<\/span>\n\t\t\t\t\t\t\t<\/div>\n\t\t\t<\/div>\n\n\n\n<div class=\"wp-block-uagb-advanced-heading uagb-block-6288a978\"><p class=\"uagb-heading-text\">9 km udaljene od Fo\u010de.<\/p><\/div>\n<\/div>\n<\/div><\/div>\n<\/div>\n<\/div>\n\n\n\n<div class=\"wp-block-uagb-container uagb-block-484581d7\">\n<div class=\"wp-block-uagb-image uagb-block-8638314f wp-block-uagb-image--layout-default wp-block-uagb-image--effect-static wp-block-uagb-image--align-none\"><figure class=\"wp-block-uagb-image__figure\"><img decoding=\"async\" srcset=\"https:\/\/go-bosnia.com\/wp-content\/uploads\/2026\/04\/34.png ,https:\/\/go-bosnia.com\/wp-content\/uploads\/2026\/04\/34.png 780w, https:\/\/go-bosnia.com\/wp-content\/uploads\/2026\/04\/34.png 360w\" sizes=\"auto, (max-width: 480px) 150px\" src=\"https:\/\/go-bosnia.com\/wp-content\/uploads\/2026\/04\/34.png\" alt=\"\" class=\"uag-image-2726\" width=\"375\" height=\"375\" title=\"34\" loading=\"lazy\" role=\"img\"\/><\/figure><\/div>\n\n\n\n<div class=\"wp-block-uagb-container uagb-block-77434522\">\n<div class=\"wp-block-uagb-container uagb-block-f7640652\">\n<div class=\"wp-block-uagb-image uagb-block-b8a85bef wp-block-uagb-image--layout-default wp-block-uagb-image--effect-static wp-block-uagb-image--align-none\"><figure class=\"wp-block-uagb-image__figure\"><img decoding=\"async\" srcset=\"https:\/\/go-bosnia.com\/wp-content\/uploads\/2026\/04\/Rectangle-19423.png ,https:\/\/go-bosnia.com\/wp-content\/uploads\/2026\/04\/Rectangle-19423.png 780w, https:\/\/go-bosnia.com\/wp-content\/uploads\/2026\/04\/Rectangle-19423.png 360w\" sizes=\"auto, (max-width: 480px) 150px\" src=\"https:\/\/go-bosnia.com\/wp-content\/uploads\/2026\/04\/Rectangle-19423.png\" alt=\"\" class=\"uag-image-2637\" width=\"72\" height=\"72\" title=\"Rectangle 19423\" loading=\"lazy\" role=\"img\"\/><\/figure><\/div>\n<\/div>\n\n\n\n<div class=\"wp-block-group\"><div class=\"wp-block-group__inner-container is-layout-constrained wp-block-group-is-layout-constrained\">\n<div class=\"wp-block-uagb-advanced-heading uagb-block-80c8c094\"><h4 class=\"uagb-heading-text\">Pje\u0161\u010dane piramide<\/h4><\/div>\n\n\n\n<div class=\"wp-block-uagb-advanced-heading uagb-block-aaf05bd0\"><p class=\"uagb-heading-text\">Prirodni fenomen u Fo\u010di<\/p><\/div>\n<\/div><\/div>\n<\/div>\n<\/div>\n\n\n\n<div class=\"wp-block-uagb-container uagb-block-39c5a6f6\">\n<div class=\"wp-block-uagb-image uagb-block-be2034c5 wp-block-uagb-image--layout-default wp-block-uagb-image--effect-static wp-block-uagb-image--align-none\"><figure class=\"wp-block-uagb-image__figure\"><img decoding=\"async\" srcset=\"https:\/\/go-bosnia.com\/wp-content\/uploads\/2026\/04\/Group-1000001955.png ,https:\/\/go-bosnia.com\/wp-content\/uploads\/2026\/04\/Group-1000001955.png 780w, https:\/\/go-bosnia.com\/wp-content\/uploads\/2026\/04\/Group-1000001955.png 360w\" sizes=\"auto, (max-width: 480px) 150px\" src=\"https:\/\/go-bosnia.com\/wp-content\/uploads\/2026\/04\/Group-1000001955.png\" alt=\"\" class=\"uag-image-2729\" width=\"375\" height=\"375\" title=\"Group 1000001955\" loading=\"lazy\" role=\"img\"\/><\/figure><\/div>\n\n\n\n<div class=\"wp-block-uagb-container uagb-block-a79f8bfc\">\n<div class=\"wp-block-uagb-container uagb-block-760207fa\">\n<div class=\"wp-block-uagb-image uagb-block-735cf9cd wp-block-uagb-image--layout-default wp-block-uagb-image--effect-static wp-block-uagb-image--align-none\"><figure class=\"wp-block-uagb-image__figure\"><img decoding=\"async\" srcset=\"https:\/\/go-bosnia.com\/wp-content\/uploads\/2026\/04\/Rectangle-19424.png ,https:\/\/go-bosnia.com\/wp-content\/uploads\/2026\/04\/Rectangle-19424.png 780w, https:\/\/go-bosnia.com\/wp-content\/uploads\/2026\/04\/Rectangle-19424.png 360w\" sizes=\"auto, (max-width: 480px) 150px\" src=\"https:\/\/go-bosnia.com\/wp-content\/uploads\/2026\/04\/Rectangle-19424.png\" alt=\"\" class=\"uag-image-2641\" width=\"72\" height=\"72\" title=\"Rectangle 19424\" loading=\"lazy\" role=\"img\"\/><\/figure><\/div>\n<\/div>\n\n\n\n<div class=\"wp-block-group\"><div class=\"wp-block-group__inner-container is-layout-constrained wp-block-group-is-layout-constrained\">\n<div class=\"wp-block-uagb-advanced-heading uagb-block-c6c20cbd\"><h4 class=\"uagb-heading-text\">Pje\u0161\u010dane piramide u Fo\u010di<\/h4><\/div>\n\n\n\n<div class=\"wp-block-group is-nowrap is-layout-flex wp-container-core-group-is-layout-ad2f72ca wp-block-group-is-layout-flex\">\n<div class=\"wp-block-uagb-container uagb-block-501680a1\">      \n\t\t\t<div class=\"uagb-icon-wrapper uagb-block-d4117d83\"\n\t\t\tstyle=\"\" >\n\t\t\t\t\t\t\t\t\t<span class=\"uagb-svg-wrapper\" \n\t\t\t\t\t aria-label=\"location-dot\"\t\t\t\t\ttabindex=\"0\">\t\t\n\t\t\t\t\t\t\t\t\t\t<svg xmlns=\"https:\/\/www.w3.org\/2000\/svg\" viewbox= \"0 0 384 512\" role=\"graphics-symbol\" aria-hidden=\"false\" aria-label=\"\"><path d=\"M168.3 499.2C116.1 435 0 279.4 0 192C0 85.96 85.96 0 192 0C298 0 384 85.96 384 192C384 279.4 267 435 215.7 499.2C203.4 514.5 180.6 514.5 168.3 499.2H168.3zM192 256C227.3 256 256 227.3 256 192C256 156.7 227.3 128 192 128C156.7 128 128 156.7 128 192C128 227.3 156.7 256 192 256z\"><\/path><\/svg>\n\t\t\t\t\t\t\t\t\t<\/span>\n\t\t\t\t\t\t\t<\/div>\n\t\t\t<\/div>\n\n\n\n<div class=\"wp-block-uagb-advanced-heading uagb-block-cd36bc0b\"><p class=\"uagb-heading-text\">9 km udaljene od Fo\u010de.<\/p><\/div>\n<\/div>\n<\/div><\/div>\n<\/div>\n<\/div>\n<\/div>\n<\/div>\n\n\n\n<div class=\"wp-block-uagb-container uagb-block-e5e0951d alignfull uagb-is-root-container\"><div class=\"uagb-container-inner-blocks-wrap\">\n<div class=\"wp-block-uagb-advanced-heading uagb-block-d9508226\"><h2 class=\"uagb-heading-text\">Na\u0161i partneri <\/h2><\/div>\n\n\n\n<div class=\"wp-block-uagb-advanced-heading uagb-block-6145e195\"><p class=\"uagb-heading-text\">We're proudly supported by some of the world\u2019s biggest investment firms.<\/p><\/div>\n\n\n\n<div class=\"wp-block-uagb-container uagb-block-5fbc3282\">\n<div class=\"wp-block-uagb-image uagb-block-97f59241 wp-block-uagb-image--layout-default wp-block-uagb-image--effect-static wp-block-uagb-image--align-none\"><figure class=\"wp-block-uagb-image__figure\"><img decoding=\"async\" srcset=\"https:\/\/go-bosnia.com\/wp-content\/uploads\/2026\/04\/Logo.png ,https:\/\/go-bosnia.com\/wp-content\/uploads\/2026\/04\/Logo.png 780w, https:\/\/go-bosnia.com\/wp-content\/uploads\/2026\/04\/Logo.png 360w\" sizes=\"auto, (max-width: 480px) 150px\" src=\"https:\/\/go-bosnia.com\/wp-content\/uploads\/2026\/04\/Logo.png\" alt=\"\" class=\"uag-image-2012\" width=\"150\" height=\"89\" title=\"Logo\" loading=\"lazy\" role=\"img\"\/><\/figure><\/div>\n\n\n\n<div class=\"wp-block-uagb-image uagb-block-a02ae486 wp-block-uagb-image--layout-default wp-block-uagb-image--effect-static wp-block-uagb-image--align-none\"><figure class=\"wp-block-uagb-image__figure\"><img decoding=\"async\" srcset=\"https:\/\/go-bosnia.com\/wp-content\/uploads\/2026\/04\/Logo.png ,https:\/\/go-bosnia.com\/wp-content\/uploads\/2026\/04\/Logo.png 780w, https:\/\/go-bosnia.com\/wp-content\/uploads\/2026\/04\/Logo.png 360w\" sizes=\"auto, (max-width: 480px) 150px\" src=\"https:\/\/go-bosnia.com\/wp-content\/uploads\/2026\/04\/Logo.png\" alt=\"\" class=\"uag-image-2012\" width=\"150\" height=\"89\" title=\"Logo\" loading=\"lazy\" role=\"img\"\/><\/figure><\/div>\n\n\n\n<div class=\"wp-block-uagb-image uagb-block-75f97991 wp-block-uagb-image--layout-default wp-block-uagb-image--effect-static wp-block-uagb-image--align-none\"><figure class=\"wp-block-uagb-image__figure\"><img decoding=\"async\" srcset=\"https:\/\/go-bosnia.com\/wp-content\/uploads\/2026\/04\/Logo.png ,https:\/\/go-bosnia.com\/wp-content\/uploads\/2026\/04\/Logo.png 780w, https:\/\/go-bosnia.com\/wp-content\/uploads\/2026\/04\/Logo.png 360w\" sizes=\"auto, (max-width: 480px) 150px\" src=\"https:\/\/go-bosnia.com\/wp-content\/uploads\/2026\/04\/Logo.png\" alt=\"\" class=\"uag-image-2012\" width=\"150\" height=\"89\" title=\"Logo\" loading=\"lazy\" role=\"img\"\/><\/figure><\/div>\n\n\n\n<div class=\"wp-block-uagb-image uagb-block-bf932fe0 wp-block-uagb-image--layout-default wp-block-uagb-image--effect-static wp-block-uagb-image--align-none\"><figure class=\"wp-block-uagb-image__figure\"><img decoding=\"async\" srcset=\"https:\/\/go-bosnia.com\/wp-content\/uploads\/2026\/04\/Logo.png ,https:\/\/go-bosnia.com\/wp-content\/uploads\/2026\/04\/Logo.png 780w, https:\/\/go-bosnia.com\/wp-content\/uploads\/2026\/04\/Logo.png 360w\" sizes=\"auto, (max-width: 480px) 150px\" src=\"https:\/\/go-bosnia.com\/wp-content\/uploads\/2026\/04\/Logo.png\" alt=\"\" class=\"uag-image-2012\" width=\"150\" height=\"89\" title=\"Logo\" loading=\"lazy\" role=\"img\"\/><\/figure><\/div>\n\n\n\n<div class=\"wp-block-uagb-image uagb-block-3ec55060 wp-block-uagb-image--layout-default wp-block-uagb-image--effect-static wp-block-uagb-image--align-none\"><figure class=\"wp-block-uagb-image__figure\"><img decoding=\"async\" srcset=\"https:\/\/go-bosnia.com\/wp-content\/uploads\/2026\/04\/Logo.png ,https:\/\/go-bosnia.com\/wp-content\/uploads\/2026\/04\/Logo.png 780w, https:\/\/go-bosnia.com\/wp-content\/uploads\/2026\/04\/Logo.png 360w\" sizes=\"auto, (max-width: 480px) 150px\" src=\"https:\/\/go-bosnia.com\/wp-content\/uploads\/2026\/04\/Logo.png\" alt=\"\" class=\"uag-image-2012\" width=\"150\" height=\"89\" title=\"Logo\" loading=\"lazy\" role=\"img\"\/><\/figure><\/div>\n<\/div>\n<\/div><\/div>\n\n\n\n<div class=\"wp-block-uagb-container uagb-block-67e5d4e2 alignfull uagb-is-root-container\"><div class=\"uagb-container-inner-blocks-wrap\">\n<div class=\"wp-block-uagb-advanced-heading uagb-block-e96c74c7\"><h2 class=\"uagb-heading-text\">Your journey begins here<\/h2><\/div>\n\n\n\n<div class=\"wp-block-uagb-advanced-heading uagb-block-0ca0d0cb\"><\/div>\n\n\n\n<div class=\"wp-block-uagb-container uagb-block-66bacdd5\">\n<div class=\"wp-block-uagb-container uagb-block-d0435efe\">\n<div class=\"wp-block-uagb-advanced-heading uagb-block-3d97a085\"><h2 class=\"uagb-heading-text\">Vo\u017enja kajaka i dajaka<\/h2><\/div>\n<\/div>\n\n\n\n<div class=\"wp-block-uagb-container uagb-block-15e510e0\">\n<div class=\"wp-block-uagb-advanced-heading uagb-block-456276bc\"><h2 class=\"uagb-heading-text\">Istra\u017eivanje golog kamena <\/h2><\/div>\n<\/div>\n\n\n\n<div class=\"wp-block-uagb-container uagb-block-baf4940b\">\n<div class=\"wp-block-uagb-advanced-heading uagb-block-300da5cf\"><h2 class=\"uagb-heading-text\">Zeleno zeleno voda voda<\/h2><\/div>\n<\/div>\n<\/div>\n<\/div><\/div>","protected":false},"excerpt":{"rendered":"<p>Go Bosnia &#8211; Turisti\u010dki portal Na\u0161 jedinstveni sadr\u017eaj obuhvata predivna mjesta &#8220;izvan utabanih staza&#8221; koja vrijedi posjetiti. Go Bosnia portal sadr\u017ei najzanimljivije i najskrivenije lokacije u cijeloj Bosni i Hercegovini. Go-Bosnia portal poma\u017ee ljudima da otkriju svijet oko sebe na potpuno nov na\u010din, objedinjuju\u0107i istra\u017eivanje, planiranje, rezervaciju i navigaciju u anga\u017eovan i intuitivan proces. \u0160ta&hellip;&nbsp;<a href=\"https:\/\/go-bosnia.com\/en\/o-nama\/\" rel=\"bookmark\"><span class=\"screen-reader-text\">About us<\/span><\/a><\/p>","protected":false},"author":1,"featured_media":0,"parent":0,"menu_order":0,"comment_status":"closed","ping_status":"closed","template":"page-templates\/template-pagebuilder-full-width.php","meta":{"_uag_custom_page_level_css":"","neve_meta_sidebar":"","neve_meta_container":"","neve_meta_enable_content_width":"","neve_meta_content_width":0,"neve_meta_title_alignment":"","neve_meta_author_avatar":"","neve_post_elements_order":"","neve_meta_disable_header":"","neve_meta_disable_footer":"","neve_meta_disable_title":"","neve_meta_reading_time":"","footnotes":""},"class_list":["post-123","page","type-page","status-publish","hentry"],"uagb_featured_image_src":{"full":false,"thumbnail":false,"medium":false,"medium_large":false,"large":false,"1536x1536":false,"2048x2048":false,"trp-custom-language-flag":false,"neve-blog":false},"uagb_author_info":{"display_name":"marko453","author_link":"https:\/\/go-bosnia.com\/en\/author\/marko453\/"},"uagb_comment_info":0,"uagb_excerpt":"Go Bosnia &#8211; Turisti\u010dki portal Na\u0161 jedinstveni sadr\u017eaj obuhvata predivna mjesta &#8220;izvan utabanih staza&#8221; koja vrijedi posjetiti. Go Bosnia portal sadr\u017ei najzanimljivije i najskrivenije lokacije u cijeloj Bosni i Hercegovini. Go-Bosnia portal poma\u017ee ljudima da otkriju svijet oko sebe na potpuno nov na\u010din, objedinjuju\u0107i istra\u017eivanje, planiranje, rezervaciju i navigaciju u anga\u017eovan i intuitivan proces. \u0160ta&hellip;&nbsp;O&hellip;","meta_box":[],"_links":{"self":[{"href":"https:\/\/go-bosnia.com\/en\/wp-json\/wp\/v2\/pages\/123","targetHints":{"allow":["GET"]}}],"collection":[{"href":"https:\/\/go-bosnia.com\/en\/wp-json\/wp\/v2\/pages"}],"about":[{"href":"https:\/\/go-bosnia.com\/en\/wp-json\/wp\/v2\/types\/page"}],"author":[{"embeddable":true,"href":"https:\/\/go-bosnia.com\/en\/wp-json\/wp\/v2\/users\/1"}],"replies":[{"embeddable":true,"href":"https:\/\/go-bosnia.com\/en\/wp-json\/wp\/v2\/comments?post=123"}],"version-history":[{"count":96,"href":"https:\/\/go-bosnia.com\/en\/wp-json\/wp\/v2\/pages\/123\/revisions"}],"predecessor-version":[{"id":2746,"href":"https:\/\/go-bosnia.com\/en\/wp-json\/wp\/v2\/pages\/123\/revisions\/2746"}],"wp:attachment":[{"href":"https:\/\/go-bosnia.com\/en\/wp-json\/wp\/v2\/media?parent=123"}],"curies":[{"name":"wp","href":"https:\/\/api.w.org\/{rel}","templated":true}]}}