{"id":1624,"date":"2026-04-15T17:27:38","date_gmt":"2026-04-15T17:27:38","guid":{"rendered":"https:\/\/go-bosnia.com\/?page_id=1624"},"modified":"2026-05-10T07:23:04","modified_gmt":"2026-05-10T07:23:04","slug":"info-za-turiste","status":"publish","type":"page","link":"https:\/\/go-bosnia.com\/en\/info-za-turiste\/","title":{"rendered":"Tips for Tourists"},"content":{"rendered":"<div class=\"wp-block-uagb-container uagb-block-4970f693 alignfull uagb-is-root-container\"><div class=\"uagb-container-inner-blocks-wrap\">\n<div class=\"wp-block-uagb-container uagb-block-ec4203f8 alignfull uagb-is-root-container\"><div class=\"uagb-container-inner-blocks-wrap\">\n<div class=\"wp-block-uagb-container uagb-block-f937f4f8\">\n<div class=\"wp-block-uagb-container uagb-block-03c29d87\">\n<div class=\"wp-block-uagb-advanced-heading uagb-block-465d9370\"><h1 class=\"uagb-heading-text\">The Most Important Information for Tourists in Bosnia and Herzegovina<\/h1><\/div>\n\n\n\n<div class=\"wp-block-uagb-advanced-heading uagb-block-016e34bf\"><p class=\"uagb-heading-text\">Travel smarter and avoid unexpected situations: explore our guide to visa requirements, driving rules, currency exchange, and safety protocols that will make your stay in Bosnia and Herzegovina smooth and enjoyable.<\/p><\/div>\n<\/div>\n<\/div>\n<\/div><\/div>\n<\/div><\/div>\n\n\n\n<div class=\"wp-block-uagb-container uagb-block-4d20acf6 alignfull uagb-is-root-container\"><div class=\"uagb-container-inner-blocks-wrap\">\n<div class=\"wp-block-uagb-tabs uagb-block-820ceb22 uagb-tabs__wrap uagb-tabs__hstyle1-desktop uagb-tabs__vstyle6-tablet uagb-tabs__stack1-mobile\" data-tab-active=\"0\"><ul class=\"uagb-tabs__panel uagb-tabs__align-left\" role=\"tablist\"><li class=\"uagb-tab uagb-tabs__active\" role=\"none\"><a href=\"#uagb-tabs__tab0\" class=\"uagb-tabs-list uagb-tabs__icon-position-left\" data-tab=\"0\" role=\"tab\"><div>VISA INFORMATION<\/div><\/a><\/li><li class=\"uagb-tab\" role=\"none\"><a href=\"#uagb-tabs__tab1\" class=\"uagb-tabs-list uagb-tabs__icon-position-left\" data-tab=\"1\" role=\"tab\"><div>TRAVEL BY PLANE<\/div><\/a><\/li><li class=\"uagb-tab\" role=\"none\"><a href=\"#uagb-tabs__tab2\" class=\"uagb-tabs-list uagb-tabs__icon-position-left\" data-tab=\"2\" role=\"tab\"><div>BUS TRANSPORT<\/div><\/a><\/li><li class=\"uagb-tab\" role=\"none\"><a href=\"#uagb-tabs__tab3\" class=\"uagb-tabs-list uagb-tabs__icon-position-left\" data-tab=\"3\" role=\"tab\"><div>CURRENCY<\/div><\/a><\/li><li class=\"uagb-tab\" role=\"none\"><a href=\"#uagb-tabs__tab4\" class=\"uagb-tabs-list uagb-tabs__icon-position-left\" data-tab=\"4\" role=\"tab\"><div>NETWORK &amp; INTERNET<\/div><\/a><\/li><li class=\"uagb-tab\" role=\"none\"><a href=\"#uagb-tabs__tab5\" class=\"uagb-tabs-list uagb-tabs__icon-position-left\" data-tab=\"5\" role=\"tab\"><div>SAFETY<\/div><\/a><\/li><\/ul><div class=\"uagb-tabs__body-wrap\">\n<div class=\"wp-block-uagb-tabs-child uagb-tabs__body-container uagb-inner-tab-0\" aria-labelledby=\"uagb-tabs__tab0\">\n<div class=\"wp-block-columns is-layout-flex wp-container-core-columns-is-layout-62db62f3 wp-block-columns-is-layout-flex\" style=\"border-style:none;border-width:0px;border-top-left-radius:0px;border-top-right-radius:0px;border-bottom-left-radius:0px;border-bottom-right-radius:0px;padding-top:0;padding-bottom:0\">\n<div class=\"wp-block-column is-layout-flow wp-block-column-is-layout-flow\" style=\"flex-basis:50%\">\n<div class=\"wp-block-group\"><div class=\"wp-block-group__inner-container is-layout-constrained wp-block-group-is-layout-constrained\">\n<div class=\"wp-block-uagb-advanced-heading uagb-block-8a0cdccd\"><h2 class=\"uagb-heading-text\">Visa Information<\/h2><\/div>\n\n\n\n<p>Dr\u017eavljani EU, SAD-a, Kanade i Velike Britanije mogu ulaziti u Bosnu i Hercegovinu <strong>bez vize i boraviti do 90 dana<\/strong>, dok je ve\u0107ini ostalih putnika za prelazak granice potreban va\u017ee\u0107i paso\u0161. <br><br>Posjetioci iz zemalja <strong>koje nisu obuhva\u0107ene ovim re\u017eimom<\/strong> moraju unaprijed <strong>izvaditi vizu<\/strong> u diplomatskim predstavni\u0161tvima uz obavezno pozivno pismo. <br><br>Klju\u010dno je znati da s<strong>vaki stranac mora prijaviti svoj boravak u roku od 24 sata <\/strong>od ulaska u zemlju. Ako boravite u hotelu ili apartmanu, tu obavezu za vas zavr\u0161ava vlasnik smje\u0161taja, dok se u privatnom aran\u017emanu morate prijaviti sami u policiji ili terenskoj kancelariji.<\/p>\n\n\n\n<div class=\"wp-block-uagb-buttons uagb-buttons__outer-wrap uagb-btn__default-btn uagb-btn-tablet__default-btn uagb-btn-mobile__default-btn uagb-block-2d43a627\"><div class=\"uagb-buttons__wrap uagb-buttons-layout-wrap\">\n<div class=\"wp-block-uagb-buttons-child uagb-buttons__outer-wrap uagb-block-81f66f1a wp-block-button\"><div class=\"uagb-button__wrapper\"><a class=\"uagb-buttons-repeater wp-block-button__link\" aria-label=\"\" href=\"https:\/\/mvp.gov.ba\/bs\" rel=\"follow noopener\" target=\"_blank\" role=\"button\"><div class=\"uagb-button__link\">PRO\u010cITAJ VI\u0160E<\/div><\/a><\/div><\/div>\n<\/div><\/div>\n<\/div><\/div>\n<\/div>\n\n\n\n<div class=\"wp-block-column is-layout-flow wp-block-column-is-layout-flow\" style=\"border-style:none;border-width:0px;padding-top:0;padding-bottom:0;flex-basis:50%\">\n<div class=\"wp-block-uagb-image uagb-block-adcc6331 wp-block-uagb-image--layout-default wp-block-uagb-image--effect-static wp-block-uagb-image--align-none\"><figure class=\"wp-block-uagb-image__figure\"><img decoding=\"async\" srcset=\"https:\/\/go-bosnia.com\/wp-content\/uploads\/2026\/04\/GoBosnia-viza-informacije.webp ,http:\/\/go-bosnia.com\/wp-content\/uploads\/2026\/04\/GoBosnia-viza-informacije.webp 780w, http:\/\/go-bosnia.com\/wp-content\/uploads\/2026\/04\/GoBosnia-viza-informacije.webp 360w\" sizes=\"auto, (max-width: 480px) 150px\" src=\"https:\/\/go-bosnia.com\/wp-content\/uploads\/2026\/04\/GoBosnia-viza-informacije.webp\" alt=\"GoBosnia-viza-informacije\" class=\"uag-image-1651\" width=\"1080\" height=\"1080\" title=\"GoBosnia-viza-informacije\" loading=\"lazy\" role=\"img\"\/><\/figure><\/div>\n<\/div>\n<\/div>\n<\/div>\n\n\n\n<div class=\"wp-block-uagb-tabs-child uagb-tabs__body-container uagb-inner-tab-1\" aria-labelledby=\"uagb-tabs__tab1\">\n<div class=\"wp-block-columns is-layout-flex wp-container-core-columns-is-layout-62db62f3 wp-block-columns-is-layout-flex\" style=\"border-style:none;border-width:0px;border-top-left-radius:0px;border-top-right-radius:0px;border-bottom-left-radius:0px;border-bottom-right-radius:0px;padding-top:0;padding-bottom:0\">\n<div class=\"wp-block-column is-layout-flow wp-block-column-is-layout-flow\" style=\"flex-basis:50%\">\n<div class=\"wp-block-group\"><div class=\"wp-block-group__inner-container is-layout-constrained wp-block-group-is-layout-constrained\">\n<div class=\"wp-block-uagb-advanced-heading uagb-block-84d79e87\"><h2 class=\"uagb-heading-text\">Putovanje avionom<\/h2><\/div>\n\n\n\n<p>Bosna i Hercegovina ima \u010detiri me\u0111unarodna aerodroma: <strong>Sarajevo<\/strong> (najve\u0107i i najprometniji), <strong>Tuzla<\/strong> (popularan zbog niskobud\u017eetnih avio-kompanija poput Ryanaira), <strong>Mostar<\/strong> and <strong>Banja Luka.<\/strong><br><br>Kada rezervi\u0161e\u0161 let, provjeri pravila za prtljag unaprijed \u2014 niskobud\u017eetne kompanije napla\u0107uju svaki kofer posebno i pravila se razlikuju od kompanije do kompanije. U ljetnoj sezoni (jun\u2013avgust) preporu\u010duje se rezervacija \u0161to ranije jer su kapaciteti brzo popunjeni.<br><br>Po dolasku, koristi isklju\u010divo <strong>registrovane taksiste<\/strong> \u2014 neregistrovani voza\u010di ispred aerodromskih izlaza \u010desta su zamka za turiste i cijene znaju biti vi\u0161estruko ve\u0107e od regularnih.<\/p>\n\n\n\n<hr class=\"wp-block-separator has-text-color has-alpha-channel-opacity has-background\" style=\"background-color:#cbcbcb;color:#cbcbcb\"\/>\n\n\n\n<p>Aeodrom Banja Luka &#8211; <a href=\"https:\/\/bnx.aero\/\"><mark style=\"background-color:rgba(0, 0, 0, 0)\" class=\"has-inline-color has-neve-text-color-color\">https:\/\/bnx.aero\/<\/mark><\/a><br>Me\u0111unarodni aerodrom Sarajevo &#8211; <a href=\"https:\/\/sarajevo-airport.ba\/\"><mark style=\"background-color:rgba(0, 0, 0, 0)\" class=\"has-inline-color has-neve-text-color-color\">https:\/\/sarajevo-airport.ba\/<\/mark><\/a><br>Aerodrom Tuzla &#8211; <a href=\"https:\/\/tuzla-airport.ba\/\"><mark style=\"background-color:rgba(0, 0, 0, 0)\" class=\"has-inline-color has-neve-text-color-color\">https:\/\/tuzla-airport.ba\/<\/mark><\/a><br>Aerodrom Mostar &#8211; <a href=\"https:\/\/mostar-airport.ba\/bs\/\"><mark style=\"background-color:rgba(0, 0, 0, 0)\" class=\"has-inline-color has-neve-text-color-color\">https:\/\/mostar-airport.ba\/bs\/<\/mark><\/a><br><\/p>\n<\/div><\/div>\n<\/div>\n\n\n\n<div class=\"wp-block-column is-layout-flow wp-block-column-is-layout-flow\" style=\"border-style:none;border-width:0px;padding-top:0;padding-bottom:0;flex-basis:50%\">\n<div class=\"wp-block-uagb-image uagb-block-cd6f8df3 wp-block-uagb-image--layout-default wp-block-uagb-image--effect-static wp-block-uagb-image--align-none\"><figure class=\"wp-block-uagb-image__figure\"><img decoding=\"async\" srcset=\"https:\/\/go-bosnia.com\/wp-content\/uploads\/2026\/05\/Gobosnia-putovanje-avionom-1024x1024.webp ,https:\/\/go-bosnia.com\/wp-content\/uploads\/2026\/05\/Gobosnia-putovanje-avionom.webp 780w, https:\/\/go-bosnia.com\/wp-content\/uploads\/2026\/05\/Gobosnia-putovanje-avionom.webp 360w\" sizes=\"auto, (max-width: 480px) 150px\" src=\"https:\/\/go-bosnia.com\/wp-content\/uploads\/2026\/05\/Gobosnia-putovanje-avionom-1024x1024.webp\" alt=\"Putovanje avionom u Bosnu i Hercegovinu\" class=\"uag-image-4577\" width=\"1024\" height=\"1024\" title=\"Putovanje avionom u Bosnu i Hercegovinu\" loading=\"lazy\" role=\"img\"\/><\/figure><\/div>\n<\/div>\n<\/div>\n<\/div>\n\n\n\n<div class=\"wp-block-uagb-tabs-child uagb-tabs__body-container uagb-inner-tab-2\" aria-labelledby=\"uagb-tabs__tab2\">\n<div class=\"wp-block-columns is-layout-flex wp-container-core-columns-is-layout-62db62f3 wp-block-columns-is-layout-flex\" style=\"border-style:none;border-width:0px;border-top-left-radius:0px;border-top-right-radius:0px;border-bottom-left-radius:0px;border-bottom-right-radius:0px;padding-top:0;padding-bottom:0\">\n<div class=\"wp-block-column is-layout-flow wp-block-column-is-layout-flow\" style=\"flex-basis:50%\">\n<div class=\"wp-block-group\"><div class=\"wp-block-group__inner-container is-layout-constrained wp-block-group-is-layout-constrained\">\n<div class=\"wp-block-uagb-advanced-heading uagb-block-4908cbfb\"><h2 class=\"uagb-heading-text\">Putovanje autobusom<\/h2><\/div>\n\n\n\n<p>Putovanje autobusom jedan je od najpristupa\u010dnijih i najra\u0161irenijih na\u010dina putovanja po Bosni i Hercegovini. <strong>Svaki ve\u0107i grad ima autobusku stanicu<\/strong> sa osnovnim sadr\u017eajima poput toaleta, \u010duvanja prtljage i restorana brze hrane, dok su <strong>manja mjesta opslu\u017eivana stajali\u0161tima uz cestu<\/strong> ili obilje\u017eenim autobuskim stanicama. <br><br>Me\u0111ugradski autobusi pouzdano <strong>povezuju sve ve\u0107e gradove<\/strong>, a me\u0111unarodne linije spajaju Bosnu i Hercegovinu sa susjednim zemljama kao i odredi\u0161tima \u0161irom Evrope \u2014 uklju\u010duju\u0107i Njema\u010dku, Austriju, Sloveniju, Italiju, \u0160vicarsku, Francusku, Belgiju, Holandiju, \u0160vedsku i Dansku.<br><br><strong>Karte se mogu kupiti na terminalu<\/strong>, na prodajnim mjestima ili direktno u autobusu, ovisno o liniji \u2014 vrijedi provjeriti unaprijed, posebno u sezoni. <br><br>Za redove vo\u017enje, satnice, rute i karte posjetite i provjerite stranicu autobuske stanice mjesta koje vas zanima.<br><br><br><br><br><\/p>\n<\/div><\/div>\n<\/div>\n\n\n\n<div class=\"wp-block-column is-layout-flow wp-block-column-is-layout-flow\" style=\"border-style:none;border-width:0px;padding-top:0;padding-bottom:0;flex-basis:50%\">\n<div class=\"wp-block-uagb-image uagb-block-09f4aa30 wp-block-uagb-image--layout-default wp-block-uagb-image--effect-static wp-block-uagb-image--align-none\"><figure class=\"wp-block-uagb-image__figure\"><img decoding=\"async\" srcset=\"https:\/\/go-bosnia.com\/wp-content\/uploads\/2026\/05\/Gobosnia-putovanje-autobusom-1024x1024.webp ,https:\/\/go-bosnia.com\/wp-content\/uploads\/2026\/05\/Gobosnia-putovanje-autobusom.webp 780w, https:\/\/go-bosnia.com\/wp-content\/uploads\/2026\/05\/Gobosnia-putovanje-autobusom.webp 360w\" sizes=\"auto, (max-width: 480px) 150px\" src=\"https:\/\/go-bosnia.com\/wp-content\/uploads\/2026\/05\/Gobosnia-putovanje-autobusom-1024x1024.webp\" alt=\"GoBosnia Putovanje Autobusom u Bosnu i Hercegovinu\" class=\"uag-image-4588\" width=\"1024\" height=\"1024\" title=\"GoBosnia Putovanje Autobusom u Bosnu i Hercegovinu\" loading=\"lazy\" role=\"img\"\/><\/figure><\/div>\n<\/div>\n<\/div>\n<\/div>\n\n\n\n<div class=\"wp-block-uagb-tabs-child uagb-tabs__body-container uagb-inner-tab-3\" aria-labelledby=\"uagb-tabs__tab3\">\n<div class=\"wp-block-columns is-layout-flex wp-container-core-columns-is-layout-62db62f3 wp-block-columns-is-layout-flex\" style=\"border-style:none;border-width:0px;border-top-left-radius:0px;border-top-right-radius:0px;border-bottom-left-radius:0px;border-bottom-right-radius:0px;padding-top:0;padding-bottom:0\">\n<div class=\"wp-block-column is-layout-flow wp-block-column-is-layout-flow\" style=\"flex-basis:50%\">\n<div class=\"wp-block-group\"><div class=\"wp-block-group__inner-container is-layout-constrained wp-block-group-is-layout-constrained\">\n<div class=\"wp-block-uagb-advanced-heading uagb-block-751a3030\"><h2 class=\"uagb-heading-text\">Valuta i novac<\/h2><\/div>\n\n\n\n<p>Bosna i Hercegovina koristi konvertibilnu marku (KM), valutu koja je direktno v<strong>ezana za euro po fiksnom kursu od 1,95 KM za 1 euro <\/strong>\u2014 \u0161to zna\u010di stabilne cijene i lako ra\u010dunanje za putnike iz eurozone.<br><br>Kartice su prihva\u0107ene u hotelima, restoranima i ve\u0107ini prodajnih mjesta u gradovima, <strong>ali gotovina i dalje ostaje neophodna<\/strong> \u2014 posebno na pijacama, u manjim kafi\u0107ima, seoskim podru\u010djima i kod privatnih iznajmljiva\u010da.<br><br>Bankomate \u0107e\u0161 na\u0107i u svim ve\u0107im gradovima i ve\u0107ini manjih mjesta, a mjenja\u010dnice su rasprostranjene i lako dostupne. <br><br><strong>Banke rade radnim danima<\/strong> i zatvorene su vikendom i tokom dr\u017eavnih praznika, pa ako treba\u0161 obaviti ne\u0161to u banci, planiraj unaprijed. <br><br>Dobar savjet: <strong>povuci gotovinu na bankomatu \u010dim stigne\u0161 na aerodrom<\/strong> \u2014 kurs je uvijek povoljniji nego na mjenja\u010dnicama u turisti\u010dkim zonama.<\/p>\n<\/div><\/div>\n\n\n<div class=\"currency-converter-widget-wrapper\">\n                <div id=\"cwc-ae1095db\"><\/div>\n                <script src=\"https:\/\/widget.currency.wiki\/v3\/script.js?style=mini&#038;theme=auto&#038;accent=2563eb&#038;lang=en&#038;from=CHF&#038;to=BAM&#038;amount=1&#038;lock=0&#038;flags=1&#038;labels=1&#038;swap=1&#038;branding=1&#038;brandinglink=1&#038;format=auto&#038;decimals=2&#038;display=iso&#038;width=250&#038;height=140&#038;dropdown=USD%2CEUR%2CGBP%2CJPY%2CCAD%2CAUD%2CCHF%2CCNY%2CINR%2CMXN&#038;currencies=EUR%2CGBP%2CJPY&#038;adddropdown=USD%2CEUR%2CGBP%2CJPY%2CCAD%2CAUD%2CCHF%2CCNY%2CINR%2CMXN&#038;container=cwc-ae1095db&#038;source=wp\"><\/script>\n            <\/div>\n<\/div>\n\n\n\n<div class=\"wp-block-column is-layout-flow wp-block-column-is-layout-flow\" style=\"border-style:none;border-width:0px;padding-top:0;padding-bottom:0;flex-basis:50%\">\n<div class=\"wp-block-uagb-image uagb-block-857bd150 wp-block-uagb-image--layout-default wp-block-uagb-image--effect-static wp-block-uagb-image--align-none\"><figure class=\"wp-block-uagb-image__figure\"><img decoding=\"async\" srcset=\"https:\/\/go-bosnia.com\/wp-content\/uploads\/2026\/05\/Gobosnia-valuta-i-placanje-1024x1024.webp ,https:\/\/go-bosnia.com\/wp-content\/uploads\/2026\/05\/Gobosnia-valuta-i-placanje.webp 780w, https:\/\/go-bosnia.com\/wp-content\/uploads\/2026\/05\/Gobosnia-valuta-i-placanje.webp 360w\" sizes=\"auto, (max-width: 480px) 150px\" src=\"https:\/\/go-bosnia.com\/wp-content\/uploads\/2026\/05\/Gobosnia-valuta-i-placanje-1024x1024.webp\" alt=\"Valuta i pla\u0107anje u Bosni i Hercegovini\" class=\"uag-image-4597\" width=\"1024\" height=\"1024\" title=\"Valuta i pla\u0107anje u Bosni i Hercegovini\" loading=\"lazy\" role=\"img\"\/><\/figure><\/div>\n<\/div>\n<\/div>\n<\/div>\n\n\n\n<div class=\"wp-block-uagb-tabs-child uagb-tabs__body-container uagb-inner-tab-4\" aria-labelledby=\"uagb-tabs__tab4\">\n<div class=\"wp-block-columns is-layout-flex wp-container-core-columns-is-layout-62db62f3 wp-block-columns-is-layout-flex\" style=\"border-style:none;border-width:0px;border-top-left-radius:0px;border-top-right-radius:0px;border-bottom-left-radius:0px;border-bottom-right-radius:0px;padding-top:0;padding-bottom:0\">\n<div class=\"wp-block-column is-layout-flow wp-block-column-is-layout-flow\" style=\"flex-basis:50%\">\n<div class=\"wp-block-group\"><div class=\"wp-block-group__inner-container is-layout-constrained wp-block-group-is-layout-constrained\">\n<div class=\"wp-block-uagb-advanced-heading uagb-block-4c0d6795\"><h2 class=\"uagb-heading-text\">Sigurnost<\/h2><\/div>\n\n\n\n<p>Bosna i Hercegovina spada <strong>me\u0111u sigurnije destinacije u regiji <\/strong>\u2014 stopa nasilnog kriminala je izuzetno niska, a zemlja je generalno sigurna i za samostalne putnike i putnice.<br><br>Preporu\u010duje se uobi\u010dajena opreznost: u gu\u017evama <strong>ne ostavljaj stvari bez nadzora<\/strong>. Koristite registrovane taksiste. <br><br>Jedna specifi\u010dnost koju svaki posjetilac treba znati \u2014 u izolovanim planinskim podru\u010djima jo\u0161 uvijek postoje minska polja, ostatak rata iz devedesetih. Ona su dobro obilje\u017eena <strong>crvenim znakovima<\/strong> s natpisom <strong>&#8220;MINE&#8221; i &#8220;\u041c\u0418\u041d\u0415<\/strong>&#8221; &#8211; nalaze se isklju\u010divo van utabanih staza i turisti\u010dkih zona.<br><br>Jednostavno pravilo: ostani na ozna\u010denim stazama i <strong>nikad ne zalazi u nepoznate \u0161umske i planinske terene<\/strong> bez lokalnog vodi\u010da. <br><br>Ako planira\u0161 planinarenje van poznatih ruta, uvijek se informi\u0161i kod lokalnih turisti\u010dkih organizacija ili planinskih vodi\u010da prije polaska.<br><br><br><br><br><\/p>\n<\/div><\/div>\n<\/div>\n\n\n\n<div class=\"wp-block-column is-layout-flow wp-block-column-is-layout-flow\" style=\"border-style:none;border-width:0px;padding-top:0;padding-bottom:0;flex-basis:50%\">\n<div class=\"wp-block-uagb-image uagb-block-2297da6f wp-block-uagb-image--layout-default wp-block-uagb-image--effect-static wp-block-uagb-image--align-none\"><figure class=\"wp-block-uagb-image__figure\"><img decoding=\"async\" srcset=\"https:\/\/go-bosnia.com\/wp-content\/uploads\/2026\/05\/Gobosnia-mreza-i-internet.webp ,https:\/\/go-bosnia.com\/wp-content\/uploads\/2026\/05\/Gobosnia-mreza-i-internet.webp 780w, https:\/\/go-bosnia.com\/wp-content\/uploads\/2026\/05\/Gobosnia-mreza-i-internet.webp 360w\" sizes=\"auto, (max-width: 480px) 150px\" src=\"https:\/\/go-bosnia.com\/wp-content\/uploads\/2026\/05\/Gobosnia-mreza-i-internet.webp\" alt=\"Mre\u017ea i internet u Bosni i Hercegovini\" class=\"uag-image-4602\" width=\"1080\" height=\"1080\" title=\"Mre\u017ea i internet u Bosni i Hercegovini\" loading=\"lazy\" role=\"img\"\/><\/figure><\/div>\n<\/div>\n<\/div>\n<\/div>\n\n\n\n<div class=\"wp-block-uagb-tabs-child uagb-tabs__body-container uagb-inner-tab-5\" aria-labelledby=\"uagb-tabs__tab5\">\n<div class=\"wp-block-columns is-layout-flex wp-container-core-columns-is-layout-62db62f3 wp-block-columns-is-layout-flex\" style=\"border-style:none;border-width:0px;border-top-left-radius:0px;border-top-right-radius:0px;border-bottom-left-radius:0px;border-bottom-right-radius:0px;padding-top:0;padding-bottom:0\">\n<div class=\"wp-block-column is-layout-flow wp-block-column-is-layout-flow\" style=\"flex-basis:50%\">\n<div class=\"wp-block-group\"><div class=\"wp-block-group__inner-container is-layout-constrained wp-block-group-is-layout-constrained\">\n<div class=\"wp-block-uagb-advanced-heading uagb-block-308c1e3d\"><h2 class=\"uagb-heading-text\">Mre\u017ea i internet<\/h2><\/div>\n\n\n\n<p>Mobilna pokrivenost u Bosni i Hercegovini je dobra u svim ve\u0107im gradovima i ve\u0107ini ruralnih podru\u010dja. <br><br>Evropski telefoni rade bez problema na roamingu, <strong>ali naknade mogu biti visoke<\/strong> \u2014 ako planira\u0161 koristiti telefon vi\u0161e, isplativije je kupiti <strong>lokalnu SIM karticu koja ko\u0161ta svega 5 KM<\/strong> i dostupna je na svakoj po\u0161ti ili kiosku. <br><br>Uz SIM karticu <strong>mo\u017ee\u0161 aktivirati i mobilni internet <\/strong>po povoljnim cijenama, \u0161to je idealno rje\u0161enje ako putuje\u0161 izme\u0111u gradova ili posje\u0107uje\u0161 udaljenije destinacije.<br><br>Putnici iz <strong>SAD-a i Kanade<\/strong> trebaju provjeriti s operaterom prije dolaska jer roaming nije uvijek podr\u017ean. <br><br>Wi-Fi je dostupan gotovo svuda \u2014 u hotelima, kafi\u0107ima, restoranima, <strong>ali i na mnogim javnim trgovima<\/strong> i parkovima u ve\u0107im gradovima, tako da konekcija rijetko predstavlja problem. <br><br><br><br><br><\/p>\n<\/div><\/div>\n<\/div>\n\n\n\n<div class=\"wp-block-column is-layout-flow wp-block-column-is-layout-flow\" style=\"border-style:none;border-width:0px;padding-top:0;padding-bottom:0;flex-basis:50%\">\n<div class=\"wp-block-uagb-image uagb-block-33c4ae1f wp-block-uagb-image--layout-default wp-block-uagb-image--effect-static wp-block-uagb-image--align-none\"><figure class=\"wp-block-uagb-image__figure\"><img decoding=\"async\" srcset=\"https:\/\/go-bosnia.com\/wp-content\/uploads\/2026\/05\/Gobosnia-sigurnost-1024x1024.webp ,https:\/\/go-bosnia.com\/wp-content\/uploads\/2026\/05\/Gobosnia-sigurnost.webp 780w, https:\/\/go-bosnia.com\/wp-content\/uploads\/2026\/05\/Gobosnia-sigurnost.webp 360w\" sizes=\"auto, (max-width: 480px) 150px\" src=\"https:\/\/go-bosnia.com\/wp-content\/uploads\/2026\/05\/Gobosnia-sigurnost-1024x1024.webp\" alt=\"Sigurnost u Bosni i Hercegovini\" class=\"uag-image-4605\" width=\"1024\" height=\"1024\" title=\"Sigurnost u Bosni i Hercegovini\" loading=\"lazy\" role=\"img\"\/><\/figure><\/div>\n<\/div>\n<\/div>\n<\/div>\n<\/div><\/div>\n<\/div><\/div>","protected":false},"excerpt":{"rendered":"<p>Najva\u017enije informacije za turiste u Bosni i Hercegovini Putujte pametnije i izbjegnite nepredvi\u0111ene situacije: istra\u017eite na\u0161 vodi\u010d kroz vizni re\u017eim, redove vo\u017enje, kursnu listu i sigurnosne protokole koji \u0107e va\u0161 boravak u BiH u\u010diniti jednostavnim i ugodnim.<\/p>","protected":false},"author":2,"featured_media":4801,"parent":0,"menu_order":0,"comment_status":"closed","ping_status":"closed","template":"page-templates\/template-pagebuilder-full-width.php","meta":{"om_disable_all_campaigns":false,"_uag_custom_page_level_css":"","neve_meta_sidebar":"","neve_meta_container":"","neve_meta_enable_content_width":"","neve_meta_content_width":0,"neve_meta_title_alignment":"","neve_meta_author_avatar":"","neve_post_elements_order":"","neve_meta_disable_header":"","neve_meta_disable_footer":"","neve_meta_disable_title":"","neve_meta_reading_time":"","ngg_post_thumbnail":0,"footnotes":""},"class_list":["post-1624","page","type-page","status-publish","has-post-thumbnail","hentry"],"aioseo_notices":[],"uagb_featured_image_src":{"full":["https:\/\/go-bosnia.com\/wp-content\/uploads\/2026\/05\/Savjeti-za-turiste-u-Bosni-i-Hercegovini.webp",1920,1080,false],"thumbnail":["https:\/\/go-bosnia.com\/wp-content\/uploads\/2026\/05\/Savjeti-za-turiste-u-Bosni-i-Hercegovini-150x150.webp",150,150,true],"medium":["https:\/\/go-bosnia.com\/wp-content\/uploads\/2026\/05\/Savjeti-za-turiste-u-Bosni-i-Hercegovini-300x169.webp",300,169,true],"medium_large":["https:\/\/go-bosnia.com\/wp-content\/uploads\/2026\/05\/Savjeti-za-turiste-u-Bosni-i-Hercegovini-768x432.webp",768,432,true],"large":["https:\/\/go-bosnia.com\/wp-content\/uploads\/2026\/05\/Savjeti-za-turiste-u-Bosni-i-Hercegovini-1024x576.webp",1024,576,true],"1536x1536":["https:\/\/go-bosnia.com\/wp-content\/uploads\/2026\/05\/Savjeti-za-turiste-u-Bosni-i-Hercegovini-1536x864.webp",1536,864,true],"2048x2048":["https:\/\/go-bosnia.com\/wp-content\/uploads\/2026\/05\/Savjeti-za-turiste-u-Bosni-i-Hercegovini.webp",1920,1080,false],"trp-custom-language-flag":["https:\/\/go-bosnia.com\/wp-content\/uploads\/2026\/05\/Savjeti-za-turiste-u-Bosni-i-Hercegovini-18x10.webp",18,10,true],"neve-blog":["https:\/\/go-bosnia.com\/wp-content\/uploads\/2026\/05\/Savjeti-za-turiste-u-Bosni-i-Hercegovini-930x620.webp",930,620,true]},"uagb_author_info":{"display_name":"Marko Balaban","author_link":"https:\/\/go-bosnia.com\/en\/author\/balaban\/"},"uagb_comment_info":0,"uagb_excerpt":"Najva\u017enije informacije za turiste u Bosni i Hercegovini Putujte pametnije i izbjegnite nepredvi\u0111ene situacije: istra\u017eite na\u0161 vodi\u010d kroz vizni re\u017eim, redove vo\u017enje, kursnu listu i sigurnosne protokole koji \u0107e va\u0161 boravak u BiH u\u010diniti jednostavnim i ugodnim.","meta_box":[],"_links":{"self":[{"href":"https:\/\/go-bosnia.com\/en\/wp-json\/wp\/v2\/pages\/1624","targetHints":{"allow":["GET"]}}],"collection":[{"href":"https:\/\/go-bosnia.com\/en\/wp-json\/wp\/v2\/pages"}],"about":[{"href":"https:\/\/go-bosnia.com\/en\/wp-json\/wp\/v2\/types\/page"}],"author":[{"embeddable":true,"href":"https:\/\/go-bosnia.com\/en\/wp-json\/wp\/v2\/users\/2"}],"replies":[{"embeddable":true,"href":"https:\/\/go-bosnia.com\/en\/wp-json\/wp\/v2\/comments?post=1624"}],"version-history":[{"count":71,"href":"https:\/\/go-bosnia.com\/en\/wp-json\/wp\/v2\/pages\/1624\/revisions"}],"predecessor-version":[{"id":4799,"href":"https:\/\/go-bosnia.com\/en\/wp-json\/wp\/v2\/pages\/1624\/revisions\/4799"}],"wp:featuredmedia":[{"embeddable":true,"href":"https:\/\/go-bosnia.com\/en\/wp-json\/wp\/v2\/media\/4801"}],"wp:attachment":[{"href":"https:\/\/go-bosnia.com\/en\/wp-json\/wp\/v2\/media?parent=1624"}],"curies":[{"name":"wp","href":"https:\/\/api.w.org\/{rel}","templated":true}]}}