{"id":3070,"date":"2026-04-23T15:12:22","date_gmt":"2026-04-23T15:12:22","guid":{"rendered":"https:\/\/go-bosnia.com\/?page_id=3070"},"modified":"2026-04-23T19:56:23","modified_gmt":"2026-04-23T19:56:23","slug":"stecci-u-bosni-i-hercegovini","status":"publish","type":"page","link":"https:\/\/go-bosnia.com\/en\/stecci-u-bosni-i-hercegovini\/","title":{"rendered":"Ste\u0107ci u Bosni i Hercegovini"},"content":{"rendered":"<div class=\"wp-block-uagb-container uagb-block-d87f7a84 alignfull uagb-is-root-container\"><div class=\"uagb-container-inner-blocks-wrap\">\n<div class=\"wp-block-uagb-container uagb-block-8f1d32e8\">\n<div class=\"wp-block-uagb-advanced-heading uagb-block-04e4a71c\"><div class=\"uagb-heading-text\">Kameni <mark style=\"background-color:rgba(0, 0, 0, 0)\" class=\"has-inline-color has-nv-c-2-color\">zapisi<\/mark> pro\u0161lih vijekova<\/div><\/div>\n\n\n\n<div class=\"wp-block-uagb-advanced-heading uagb-block-459793f3\"><h1 class=\"uagb-heading-text\">Ste\u0107ci u Bosni i Hercegovini<\/h1><\/div>\n\n\n\n<div class=\"wp-block-uagb-advanced-heading uagb-block-d196fe45\"><p class=\"uagb-heading-text\">Ste\u0107ci su srednjovjekovni kameni nadgrobni spomenici koji su nastajali izme\u0111u XII i XVI vijeka. Najvi\u0161e ih ima na prostoru Bosne i Hercegovine, ali se nalaze i u dijelovima susjednih zemalja. Ipak, najva\u017enija nalazi\u0161ta Ste\u0107aka nalaze se u Bosni i Hercegovini.<\/p><\/div>\n\n\n\n<div style=\"height:35px\" aria-hidden=\"true\" class=\"wp-block-spacer\"><\/div>\n\n\n\n<div class=\"wp-block-uagb-container uagb-block-1c31be4b\">\n<div class=\"wp-block-uagb-advanced-heading uagb-block-e2c336ba\"><p class=\"uagb-heading-text\">\u010cak 20 od 28 lokaliteta sa Ste\u0107cima koji su na listi UNESCO svjetske ba\u0161tine nalazi se u Bosni i Hergegovini. Ostatak se nalazi u Srbiji, Crnoj Gori i Hrvatskoj.<\/p><\/div>\n<\/div>\n<\/div>\n<\/div><\/div>\n\n\n\n<div class=\"wp-block-uagb-container uagb-layout-grid uagb-block-9f360261 alignfull uagb-is-root-container\"><div class=\"uagb-container-inner-blocks-wrap\">\n<div class=\"wp-block-uagb-container uagb-block-462f267d\">\n<div class=\"wp-block-uagb-advanced-heading uagb-block-ab398956\"><h2 class=\"uagb-heading-text\">\u0160ta je napisano na ste\u0107cima?<\/h2><\/div>\n\n\n\n<div class=\"wp-block-uagb-advanced-heading uagb-block-74037a17\"><p class=\"uagb-heading-text\">Najvi\u0161e ima ste\u0107aka sa uobi\u010dajenim natpisima, uklesanim da bi se sa\u010duvalo sje\u0107anje na pokojnika i na one koji su mu podigli spomenik. Takvih primjera ima mnogo, a neki od njih su: \u201eOvdje le\u017ei Bo\u017ei\u010dko Banovi\u0107, na svojoj plemenitoj zemlji\u201c (u Ban-dolu, 30 km od Tuzle). \u201eTu po\u010diva Radosav Gruba\u010d, sada mrtav\u201c (u Krtinju kod Ljubomira). \u201eOvdje le\u017ei Braja Radojevi\u0107, na tu\u0111oj zemlji. Dobro je \u017eivio i umro. Ovo je zapisao dijak Dragoje.\u201c \u201eOvdje le\u017ei gospo\u0111a Beoka, k\u0107i Pribisava Kosa\u010de.\u201c<\/p><\/div>\n<\/div>\n\n\n\n<div class=\"wp-block-uagb-container uagb-block-5e39e183\">\n<div class=\"wp-block-uagb-advanced-heading uagb-block-662e0f2f\"><h4 class=\"uagb-heading-text\">Poruka sa ste\u0107ka Vignja Milo\u0161evi\u0107a<\/h4><\/div>\n\n\n\n<div class=\"wp-block-uagb-advanced-heading uagb-block-4af96944\"><p class=\"uagb-heading-text\">U ime Oca i Sina i Svetoga Duha, amin. Ovdje po\u010diva Viganj Milo\u0161evi\u0107. Slu\u017eio je banu Stjepanu, kralju Tvrtku, kralju Dabi\u0161i, kraljici Grubi i kralju Ostoji. U to vrijeme kralj Ostoja se posva\u0111ao s hercegom i Bosnom, pa je oti\u0161ao u Ugarsku. U to vrijeme do\u0161ao je i moj kraj. I le\u017eim ovdje na svojoj plemenitoj zemlji pod Ko\u010derinom, i molim vas, ne gazite po meni! Ja sam bio kao \u0161to ste vi sada, a vi \u0107ete biti kao \u0161to sam ja.<\/p><\/div>\n<\/div>\n\n\n\n<div class=\"wp-block-uagb-container uagb-block-eb50efc3\">\n<div class=\"wp-block-uagb-advanced-heading uagb-block-7af705cb\"><h4 class=\"uagb-heading-text\">Natpis sa ste\u0107ka Ozrena Kopijevi\u0107a<\/h4><\/div>\n\n\n\n<div class=\"wp-block-uagb-advanced-heading uagb-block-4c18e7d9\"><p class=\"uagb-heading-text\">A ovdje po\u010diva Ozren Kopijevi\u0107, \u017eupan kneza Pavla. Ovo je zapisao dijak Milosali\u0107 Barojevi\u0107. Ne tra\u017ee\u0107i smrt, slu\u017ee\u0107i svome gospodaru, gledao sam propast bosanskog kraljevstva i srpskog gospodstva. Badali su me, sjekli i progonili, ali tada ne poginuh; umro sam o Ro\u0111enju Hristovom, a gospodar vojvoda me za\u0161titi, sahrani i obilje\u017ei grob.<\/p><\/div>\n<\/div>\n<\/div><\/div>\n\n\n\n<div class=\"wp-block-uagb-container uagb-block-85c1c26e alignfull uagb-is-root-container\"><div class=\"uagb-container-inner-blocks-wrap\">\n<div class=\"wp-block-uagb-advanced-heading uagb-block-182b33eb\"><h2 class=\"uagb-heading-text\">Lokaliteti sa ste\u0107cima u Bosni i Hercegovini<\/h2><\/div>\n\n\n\n<div style=\"height:30px\" aria-hidden=\"true\" class=\"wp-block-spacer\"><\/div>\n\n\n        <div class=\"geo-entities-grid gb-entities-archive-grid\">\r\n                            <a class=\"geo-entity-card\" href=\"https:\/\/go-bosnia.com\/en\/entitet\/nekropola-ste-aka-na-ri-ini\/\">\r\n                    <div class=\"geo-entity-media\">\r\n\r\n                        <img decoding=\"async\" src=\"https:\/\/go-bosnia.com\/wp-content\/uploads\/2026\/04\/Nekropola-stecaka-na-ricini.webp\" alt=\"Nekropola ste\u0107aka na Ri\u010dini\" loading=\"lazy\" \/>\r\n\r\n                                                    <div class=\"attraction-label\">ATRAKCIJA<\/div>\r\n                        \r\n                        \r\n                        <div class=\"geo-entity-overlay\">\r\n                                                            <div class=\"geo-entity-city\">\r\n                                    <span>\u010citluk<\/span>\r\n                                                                    <\/div>\r\n                            \r\n                            <div class=\"geo-entity-title\">Nekropola ste\u0107aka na Ri\u010dini<\/div>\r\n\r\n                                                            <div class=\"gb-entity-subcategory\">Nacionalni spomenik<\/div>\r\n                                                    <\/div>\r\n\r\n                    <\/div>\r\n                <\/a>\r\n                            <a class=\"geo-entity-card\" href=\"https:\/\/go-bosnia.com\/en\/entitet\/stecci-u-parku-na-vardi\/\">\r\n                    <div class=\"geo-entity-media\">\r\n\r\n                        <img decoding=\"async\" src=\"https:\/\/go-bosnia.com\/wp-content\/uploads\/2026\/04\/GoBosnia-stecci-konjic.webp\" alt=\"Ste\u0107ci u Parku na Vardi\" loading=\"lazy\" \/>\r\n\r\n                                                    <div class=\"attraction-label\">ATRAKCIJA<\/div>\r\n                        \r\n                        \r\n                        <div class=\"geo-entity-overlay\">\r\n                                                            <div class=\"geo-entity-city\">\r\n                                    <span>Konjic<\/span>\r\n                                                                    <\/div>\r\n                            \r\n                            <div class=\"geo-entity-title\">Ste\u0107ci u Parku na Vardi<\/div>\r\n\r\n                                                            <div class=\"gb-entity-subcategory\">Arheolo\u0161ki spomenici u Konjicu<\/div>\r\n                                                    <\/div>\r\n\r\n                    <\/div>\r\n                <\/a>\r\n                            <a class=\"geo-entity-card\" href=\"https:\/\/go-bosnia.com\/en\/entitet\/nekropola-stecaka-basigovci\/\">\r\n                    <div class=\"geo-entity-media\">\r\n\r\n                        <img decoding=\"async\" src=\"https:\/\/go-bosnia.com\/wp-content\/uploads\/2026\/04\/nekropola-stecaka-basigovci.webp\" alt=\"Nekropola ste\u0107aka Ba\u0161igovci\" loading=\"lazy\" \/>\r\n\r\n                        \r\n                        \r\n                        <div class=\"geo-entity-overlay\">\r\n                                                            <div class=\"geo-entity-city\">\r\n                                    <span>\u017divinice<\/span>\r\n                                                                    <\/div>\r\n                            \r\n                            <div class=\"geo-entity-title\">Nekropola ste\u0107aka Ba\u0161igovci<\/div>\r\n\r\n                                                    <\/div>\r\n\r\n                    <\/div>\r\n                <\/a>\r\n                            <a class=\"geo-entity-card\" href=\"https:\/\/go-bosnia.com\/en\/entitet\/nekropola-stecaka-olovci\/\">\r\n                    <div class=\"geo-entity-media\">\r\n\r\n                        <img decoding=\"async\" src=\"https:\/\/go-bosnia.com\/wp-content\/uploads\/2026\/04\/nekropola-stecaka-olovci.webp\" alt=\"Nekropola ste\u0107aka Olovci\" loading=\"lazy\" \/>\r\n\r\n                        \r\n                        \r\n                        <div class=\"geo-entity-overlay\">\r\n                                                            <div class=\"geo-entity-city\">\r\n                                    <span>Kladanj<\/span>\r\n                                                                    <\/div>\r\n                            \r\n                            <div class=\"geo-entity-title\">Nekropola ste\u0107aka Olovci<\/div>\r\n\r\n                                                    <\/div>\r\n\r\n                    <\/div>\r\n                <\/a>\r\n                            <a class=\"geo-entity-card\" href=\"https:\/\/go-bosnia.com\/en\/entitet\/nekropola-stecaka\/\">\r\n                    <div class=\"geo-entity-media\">\r\n\r\n                        <img decoding=\"async\" src=\"https:\/\/go-bosnia.com\/wp-content\/uploads\/2026\/04\/Nekropola-steaka-posusje.png\" alt=\"Nekropola ste\u0107aka\" loading=\"lazy\" \/>\r\n\r\n                        \r\n                        \r\n                        <div class=\"geo-entity-overlay\">\r\n                                                            <div class=\"geo-entity-city\">\r\n                                    <span>Posu\u0161je<\/span>\r\n                                                                    <\/div>\r\n                            \r\n                            <div class=\"geo-entity-title\">Nekropola ste\u0107aka<\/div>\r\n\r\n                                                    <\/div>\r\n\r\n                    <\/div>\r\n                <\/a>\r\n                            <a class=\"geo-entity-card\" href=\"https:\/\/go-bosnia.com\/en\/entitet\/stecci-srebrenica\/\">\r\n                    <div class=\"geo-entity-media\">\r\n\r\n                        <img decoding=\"async\" src=\"https:\/\/go-bosnia.com\/wp-content\/uploads\/2026\/04\/GoBosnia-Stecci-u-Srebrenici.png\" alt=\"Ste\u0107ci Srebrenica\" loading=\"lazy\" \/>\r\n\r\n                        \r\n                                                    <div class=\"eco-label\">EKO TURIZAM<\/div>\r\n                        \r\n                        <div class=\"geo-entity-overlay\">\r\n                                                            <div class=\"geo-entity-city\">\r\n                                    <span>Srebrenica<\/span>\r\n                                                                    <\/div>\r\n                            \r\n                            <div class=\"geo-entity-title\">Ste\u0107ci Srebrenica<\/div>\r\n\r\n                                                            <div class=\"gb-entity-subcategory\">Nacionalni spomenik<\/div>\r\n                                                    <\/div>\r\n\r\n                    <\/div>\r\n                <\/a>\r\n                            <a class=\"geo-entity-card\" href=\"https:\/\/go-bosnia.com\/en\/entitet\/ste-ci-u-zvorniku\/\">\r\n                    <div class=\"geo-entity-media\">\r\n\r\n                        <img decoding=\"async\" src=\"https:\/\/go-bosnia.com\/wp-content\/uploads\/2026\/04\/GoBosnia-Stecak-u-Zvorniku.png\" alt=\"Ste\u0107ci u Zvorniku\" loading=\"lazy\" \/>\r\n\r\n                        \r\n                        \r\n                        <div class=\"geo-entity-overlay\">\r\n                                                            <div class=\"geo-entity-city\">\r\n                                    <span>Zvornik<\/span>\r\n                                                                    <\/div>\r\n                            \r\n                            <div class=\"geo-entity-title\">Ste\u0107ci u Zvorniku<\/div>\r\n\r\n                                                            <div class=\"gb-entity-subcategory\">Spomenik<\/div>\r\n                                                    <\/div>\r\n\r\n                    <\/div>\r\n                <\/a>\r\n                            <a class=\"geo-entity-card\" href=\"https:\/\/go-bosnia.com\/en\/entitet\/nekropola-ste-aka\/\">\r\n                    <div class=\"geo-entity-media\">\r\n\r\n                        <img decoding=\"async\" src=\"https:\/\/go-bosnia.com\/wp-content\/uploads\/2026\/04\/nekropole-stecaka-card.webp\" alt=\"Nekropola ste\u0107aka\" loading=\"lazy\" \/>\r\n\r\n                        \r\n                        \r\n                        <div class=\"geo-entity-overlay\">\r\n                                                            <div class=\"geo-entity-city\">\r\n                                    <span>Bile\u0107a<\/span>\r\n                                                                            <span>Bile\u0107ko jezero<\/span>\r\n                                                                    <\/div>\r\n                            \r\n                            <div class=\"geo-entity-title\">Nekropola ste\u0107aka<\/div>\r\n\r\n                                                    <\/div>\r\n\r\n                    <\/div>\r\n                <\/a>\r\n                    <\/div>\r\n        \n<\/div><\/div>","protected":false},"excerpt":{"rendered":"<p>Kameni zapisi pro\u0161lih vijekova Ste\u0107ci u Bosni i Hercegovini Ste\u0107ci su srednjovjekovni kameni nadgrobni spomenici koji su nastajali izme\u0111u XII i XVI vijeka. Najvi\u0161e ih ima na prostoru Bosne i Hercegovine, ali se nalaze i u dijelovima susjednih zemalja. Ipak, najva\u017enija nalazi\u0161ta Ste\u0107aka nalaze se u Bosni i Hercegovini. \u010cak 20 od 28 lokaliteta sa&hellip;&nbsp;<a href=\"https:\/\/go-bosnia.com\/en\/entitet\/nekropola-ste-aka\/\" rel=\"bookmark\"><span class=\"screen-reader-text\">Nekropola ste\u0107aka<\/span><\/a><\/p>","protected":false},"author":1,"featured_media":3073,"parent":0,"menu_order":0,"comment_status":"closed","ping_status":"closed","template":"page-templates\/template-pagebuilder-full-width.php","meta":{"_uag_custom_page_level_css":"","neve_meta_sidebar":"","neve_meta_container":"","neve_meta_enable_content_width":"","neve_meta_content_width":0,"neve_meta_title_alignment":"","neve_meta_author_avatar":"","neve_post_elements_order":"","neve_meta_disable_header":"","neve_meta_disable_footer":"","neve_meta_disable_title":"","neve_meta_reading_time":"","footnotes":""},"class_list":["post-3070","page","type-page","status-publish","has-post-thumbnail","hentry"],"uagb_featured_image_src":{"full":["https:\/\/go-bosnia.com\/wp-content\/uploads\/2026\/04\/stecci.webp",1920,960,false],"thumbnail":["https:\/\/go-bosnia.com\/wp-content\/uploads\/2026\/04\/stecci-150x150.webp",150,150,true],"medium":["https:\/\/go-bosnia.com\/wp-content\/uploads\/2026\/04\/stecci-300x150.webp",300,150,true],"medium_large":["https:\/\/go-bosnia.com\/wp-content\/uploads\/2026\/04\/stecci-768x384.webp",768,384,true],"large":["https:\/\/go-bosnia.com\/wp-content\/uploads\/2026\/04\/stecci-1024x512.webp",1024,512,true],"1536x1536":["https:\/\/go-bosnia.com\/wp-content\/uploads\/2026\/04\/stecci-1536x768.webp",1536,768,true],"2048x2048":["https:\/\/go-bosnia.com\/wp-content\/uploads\/2026\/04\/stecci.webp",1920,960,false],"trp-custom-language-flag":["https:\/\/go-bosnia.com\/wp-content\/uploads\/2026\/04\/stecci-18x9.webp",18,9,true],"neve-blog":["https:\/\/go-bosnia.com\/wp-content\/uploads\/2026\/04\/stecci-930x620.webp",930,620,true]},"uagb_author_info":{"display_name":"marko453","author_link":"https:\/\/go-bosnia.com\/en\/author\/marko453\/"},"uagb_comment_info":0,"uagb_excerpt":"Kameni zapisi pro\u0161lih vijekova Ste\u0107ci u Bosni i Hercegovini Ste\u0107ci su srednjovjekovni kameni nadgrobni spomenici koji su nastajali izme\u0111u XII i XVI vijeka. Najvi\u0161e ih ima na prostoru Bosne i Hercegovine, ali se nalaze i u dijelovima susjednih zemalja. Ipak, najva\u017enija nalazi\u0161ta Ste\u0107aka nalaze se u Bosni i Hercegovini. \u010cak 20 od 28 lokaliteta sa&hellip;&nbsp;Nekropola&hellip;","meta_box":[],"_links":{"self":[{"href":"https:\/\/go-bosnia.com\/en\/wp-json\/wp\/v2\/pages\/3070","targetHints":{"allow":["GET"]}}],"collection":[{"href":"https:\/\/go-bosnia.com\/en\/wp-json\/wp\/v2\/pages"}],"about":[{"href":"https:\/\/go-bosnia.com\/en\/wp-json\/wp\/v2\/types\/page"}],"author":[{"embeddable":true,"href":"https:\/\/go-bosnia.com\/en\/wp-json\/wp\/v2\/users\/1"}],"replies":[{"embeddable":true,"href":"https:\/\/go-bosnia.com\/en\/wp-json\/wp\/v2\/comments?post=3070"}],"version-history":[{"count":43,"href":"https:\/\/go-bosnia.com\/en\/wp-json\/wp\/v2\/pages\/3070\/revisions"}],"predecessor-version":[{"id":3314,"href":"https:\/\/go-bosnia.com\/en\/wp-json\/wp\/v2\/pages\/3070\/revisions\/3314"}],"wp:featuredmedia":[{"embeddable":true,"href":"https:\/\/go-bosnia.com\/en\/wp-json\/wp\/v2\/media\/3073"}],"wp:attachment":[{"href":"https:\/\/go-bosnia.com\/en\/wp-json\/wp\/v2\/media?parent=3070"}],"curies":[{"name":"wp","href":"https:\/\/api.w.org\/{rel}","templated":true}]}}